{"id":561,"date":"2015-05-25T23:56:21","date_gmt":"2015-05-25T21:56:21","guid":{"rendered":"http:\/\/bpfilms.hu\/new\/?page_id=561"},"modified":"2024-10-23T19:48:50","modified_gmt":"2024-10-23T17:48:50","slug":"about_us","status":"publish","type":"page","link":"https:\/\/bpfilms.hu\/en\/about_us\/","title":{"rendered":"About Us"},"content":{"rendered":"<h3><strong>About Us<\/strong><\/h3>\n<p>Budapest Film Production Ltd. was founded in 2006 as a production and co-production company with the aim of making feature, experimental and short films, and documentaries on high quality standards, ensuring commercial value on the national and international markets of traditional (cinema, satellite, DVD, TV) and new forms (internet, iptv) of broadcasting channels.<\/p>\n<p>Our film production company offers full service for the production of national and international films, as well as production services for commercials.\u00a0Amongst our main partners you will find the profession\u2019s\u00a0 outstanding and celebrated artists and companies, such as the <strong>Hungarian Filmlab<\/strong>, <strong>TV2<\/strong>, <strong>HBO<\/strong>, <strong>MTVA<\/strong>,<strong> Echo TV<\/strong>, and the <strong>Hungarian National Film Fund.<\/strong><\/p>\n<p>The Budapest Film Production Ltd has <strong>united<\/strong> with Baraka Media Ltd (in 2018) <strong>which allowed us to start new types of productions<\/strong>.<br \/>\nFilmography of Baraka Media as follows:<\/p>\n<p><span style=\"color: #ff9900;\"><strong><a style=\"color: #ff9900;\" href=\"http:\/\/barakafilm.hu\/en\/index\">http:\/\/barakafilm.hu\/en\/index<\/a><\/strong><\/span><\/p>\n<h4><\/h4>\n<h4><strong>Team<\/strong><\/h4>\n<div class='columns'><div class='col-6'><strong>S\u00e1ndor<\/strong>\u00a0<strong>Csortos Szab\u00f3<\/strong>\u00a0&#8211; producer<\/p>\n<p>After graduating at the Moholy-Nagy University of Art and Design he worked as a journalist and photographer. Later on, he undertook jobs at advertising agencies, as an art director and eventually became a creative director as well. He is creating films as of 1997, making more than 100 TV productions broadcasted by the Hungarian National Television and channel TV2. He is a photographer in his free time, winning several international awards with his photos.<\/p>\n<p><span style=\"line-height: 1.5;\"><\/div><div class='col-6'><\/span><strong>Vir\u00e1g Szab\u00f3 <\/strong>\u00a0&#8211; director, production\u00a0director<\/p>\n<p>After getting her degree at the Film Studies Programme of the ELTE University she worked as a film director and also as a screenwriter. Her first short film was selected for the 29<sup>th<\/sup> International Film Festival of Valencia. She participated in the Sarajevo Film Festival\u2019s Talent Campus in 2014. Her short film: <em>Wellness<\/em> was Official Selection for the 23<sup>th<\/sup> Sarajevo International Film Festival 2017.<\/div><\/div>\n<h4><\/h4>\n<h4><\/h4>\n<h4><strong>Festival screenings and awards<\/strong><\/h4>\n<div class='columns'><div class='col-6'><strong>Hive &#8211; Transylvanian Documentary Review 2024<\/strong><\/div> <div class='col-6'>N\u00f3ra Szarka: <span style=\"color: #ff9900;\"><strong>Olympic dream in Transylvania<\/strong><\/span>\u00a0\u2013 <strong>Best Documentary Award 2nd Prize<\/strong><\/div><\/div>\n<div class='columns'><div class='col-6'><span style=\"color: #ff9900;\"><strong>Hungarian Movie Festival 2023<\/strong><\/span><\/div><div class='col-6'>Gergely Hajnal: <span style=\"color: #ff9900;\"><strong>Liberator<\/strong><\/span>\u00a0\u2013 <strong>Best Long Documentary Award<\/strong><\/div><\/div>\n<div class='columns'><div class='col-6'><strong>Hungarian Movie Festival 2023<\/strong><\/div> <div class='col-6'>N\u00f3ra Szarka: <span style=\"color: #ff9900;\"><strong>Olympic dream in Transylvania<\/strong><\/span>\u00a0\u2013 <strong>Best Short Documentary Award Nominee<\/strong><\/div><\/div>\n<div class='columns'><div class='col-6'><span style=\"color: #ff9900;\"><strong>Hungarian Movie Festival 2022<\/strong><\/span><\/div><div class='col-6'>Szonja Szab\u00f3: <span style=\"color: #ff9900;\"><strong>Jankovics &#8211; The history of the Jankovics family<\/strong><\/span> \u2013 <strong>Best Short Documentary Award<\/strong><\/div><\/div>\n<div class='columns'><div class='col-6'><strong>Hungarian Movie Festival 2022<\/strong><\/div><div class='col-6'>Ervin Sallai: <span style=\"color: #ff9900;\"><strong>Schedule<\/strong><\/span> \u2013 <strong>Best Male Actor Nominee &#8211; J\u00e1nos B\u00e1n<\/strong><\/div><\/div>\n<div class='columns'><div class='col-6'><span style=\"color: #ff9900;\"><strong>18. Asiana Short Film Festival 2020<\/strong><\/span><\/div><div class='col-6'>Istv\u00e1n Hevesi: <span style=\"color: #ff9900;\"><strong>Deer<\/strong><\/span> \u2013 <strong>Official Competition<\/strong><\/div><\/div>\n<div class='columns'><div class='col-6'><strong>Silver Javelin Award 2019 <\/strong><\/div><div class='col-6'>\u00c1kos Z\u00e1mborszki: <span style=\"color: #ff9900;\"><strong>The Hungarian Olympiad<\/strong><\/span> \u2013 <strong>Best Sports Documentary, Hungary<\/strong><\/div><\/div>\n<div class='columns'><div class='col-6'><span style=\"color: #ff9900;\"><strong>23. Sarajevo International Film Festival 2017<\/strong><\/span><\/div><div class='col-6'>Vir\u00e1g Szab\u00f3: <span style=\"color: #ff9900;\"><strong>Wellness<\/strong><\/span>\u00a0\u2013\u00a0<strong>Official Competition<\/strong><\/div><\/div>\n<div class='columns'><div class='col-6'><strong>Uppsala Short Film Festival 2017<\/strong><\/div><div class='col-6'>Vir\u00e1g Szab\u00f3: <span style=\"color: #ff9900;\"><strong>Wellness<\/strong><\/span> \u2013 <strong>Official Competition<\/strong><\/div><\/div>\n<div class='columns'><div class='col-6'><span style=\"color: #ff9900;\"><strong>Kamera Korrekt\u00fara 2015<\/strong><\/span><\/div><div class='col-6'>Vir\u00e1g Szab\u00f3 &#8211; Istv\u00e1n Hevesi: <span style=\"color: #ff9900;\"><strong>Loti and Futi<\/strong><\/span> \u2013 <strong>Special Award of The Jury<\/strong><\/div><\/div>\n<div class='columns'><div class='col-6'><strong>HSC Golden Eye 2015<\/strong><span style=\"line-height: 1.5;\"><\/div><\/span><span style=\"line-height: 1.5;\"><div class='col-6'>M\u00e1rk\u00a0<\/span>Gy\u0151ri: <span style=\"color: #ff9900;\"><strong>Wee<\/strong><strong>kend<\/strong><\/span> \u2013 <strong>\u00a0Best Cinematographer<\/strong><\/div><\/div>\n<div class='columns'><div class='col-6'><span style=\"color: #ff9900;\"><strong>23. Alter-Native International Shortfilm Festival &#8211; Tirgu Mures 2015<\/strong><\/span><\/div><div class='col-6'>Tibor Szemz\u0151: <strong><span style=\"color: #ff9900;\">Wish to be a Red Indian<\/span> &#8211; Special Award of The Ministry of Culture Romania <\/strong><\/div><\/div>\n<div class='columns'><div class='col-6'><strong>URTI Grand Prix Monte-Carlo 2015<\/strong><\/div><div class='col-6'>Tibor Szemz\u0151: <strong><span style=\"color: #ff9900;\">Wish to be a Red Indian<\/span><\/strong><strong><span style=\"color: #ff9900;\">\u00a0<\/span>&#8211;\u00a0Short Film Category\u00a0<\/strong><\/div><\/div>\n<p><div class='columns'><div class='col-6'><span style=\"color: #ff9900;\"><strong>Hungarian Media Council<\/strong><strong><span style=\"color: #ff9900;\">\u00a0<\/span>&#8211; Husz\u00e1rik Zolt\u00e1n Award 2015<\/strong><\/span><span style=\"line-height: 1.5;\"><\/div><\/span><span style=\"line-height: 1.5;\"><div class='col-6'>Szemz\u0151 Tibor: <strong><span style=\"color: #ff9900;\">Wish to be a Red Indian<\/span><\/strong><strong><span style=\"color: #ff9900;\">\u00a0<\/span>&#8211; Short Film Category, Best Director<\/strong><\/div><\/div><\/span><\/p>\n<div class='columns'><div class='col-6'><strong>HSC Golden Eye 2013<\/strong><span style=\"line-height: 1.5;\"><\/div><\/span><span style=\"line-height: 1.5;\"><div class='col-6'>M\u00e1rk <\/span>Gy\u0151ri: <span style=\"color: #ff9900;\"><strong>Curse 3<\/strong><\/span> \u2013 <strong>Best Cinematographer<\/strong><\/div><\/div>\n<div class='columns'><div class='col-6'><span style=\"color: #ff9900;\"><strong>41. Hungarian Film Festival 2010<\/strong><\/span><span style=\"line-height: 1.5;\"><\/div><\/span><span style=\"line-height: 1.5;\"><div class='col-6'>\u00c1ron M\u00e1ty\u00e1ssy:<span style=\"color: #ff9900;\"><strong> Curse <\/strong><\/span>&#8211; <strong>Best TV film<\/strong><\/span><\/div><\/div>\n<div class='columns'><div class='col-6'><strong>Erasmus EuroMedia Awards 2010<\/strong><span style=\"line-height: 1.5;\"><\/div><\/span><span style=\"line-height: 1.5;\"><div class='col-6'>\u00c1ron <\/span>M\u00e1ty\u00e1ssy: <span style=\"color: #ff9900;\"><strong>Curse<\/strong><\/span>\u00a0&#8211; <strong>Seal of approval<\/strong><\/div><\/div>\n<p><div class='columns'><div class='col-6'><span style=\"color: #ff9900;\"><strong>Kamera Hung\u00e1ria 2010<\/strong><\/span><span style=\"line-height: 1.5;\"><\/div><\/span><span style=\"line-height: 1.5;\"><div class='col-6'>\u00c1ron M\u00e1ty\u00e1ssy: <span style=\"color: #ff9900;\"><strong>Curse<\/strong><\/span> \u2013 <strong>Nominated<\/strong><\/div><\/div><\/span><\/p>\n<p><div class='columns'><div class='col-6'><strong>40. Hungarian Film Festival 2009<\/strong><span style=\"line-height: 1.5;\"><\/div><\/span><span style=\"line-height: 1.5;\"><div class='col-6'>Csaba Szekeres: <span style=\"color: #ff9900;\"><strong>Nexus<\/strong><\/span>\u00a0<strong>&#8211; Koll\u00e1nyi \u00c1goston Award for The Best Director<\/strong><\/div><\/div><\/span><\/p>\n<div class='columns'><div class='col-6'><span style=\"color: #ff9900;\"><strong>40. Hungarian Film Festival 2009<\/strong><\/span><span style=\"line-height: 1.5;\"><\/div><\/span><span style=\"line-height: 1.5;\"><div class='col-6'>Gy\u00f6rgy <\/span>P\u00e1lfi: <span style=\"color: #ff9900;\"><strong>Ace<\/strong><strong> poker<\/strong><\/span> (Born Loser) <strong>Short Film<\/strong> <span style=\"line-height: 1.5;\"><strong>Nominee<\/strong><\/span><\/div><\/div>\n<div class='columns'><div class='col-6'><strong>Busho Film Festiv\u00e1l 2009<\/strong><span style=\"line-height: 1.5;\"><\/div><\/span><span style=\"line-height: 1.5;\"><div class='col-6'>Gy\u00f6rgy <\/span>P\u00e1lfi: <span style=\"color: #ff9900;\"><strong>Ace<\/strong><strong> poker<\/strong><\/span> (Born Loser) <em>&#8211; <\/em><b>The Best Comedy<\/b><\/div><\/div>\n","protected":false},"excerpt":{"rendered":"<p>About Us Budapest Film Production Ltd. was founded in 2006 as a production and co-production company with the aim of making feature, experimental and short films, and documentaries on high quality standards, ensuring commercial value on the national and international markets of traditional (cinema, satellite, DVD, TV) and new forms (internet, iptv) of broadcasting channels. [&hellip;]<\/p>\n","protected":false},"author":2,"featured_media":0,"parent":0,"menu_order":0,"comment_status":"closed","ping_status":"closed","template":"","meta":{"_monsterinsights_skip_tracking":false,"_monsterinsights_sitenote_active":false,"_monsterinsights_sitenote_note":"","_monsterinsights_sitenote_category":0,"footnotes":""},"class_list":["post-561","page","type-page","status-publish","hentry"],"aioseo_notices":[],"_links":{"self":[{"href":"https:\/\/bpfilms.hu\/en\/wp-json\/wp\/v2\/pages\/561","targetHints":{"allow":["GET"]}}],"collection":[{"href":"https:\/\/bpfilms.hu\/en\/wp-json\/wp\/v2\/pages"}],"about":[{"href":"https:\/\/bpfilms.hu\/en\/wp-json\/wp\/v2\/types\/page"}],"author":[{"embeddable":true,"href":"https:\/\/bpfilms.hu\/en\/wp-json\/wp\/v2\/users\/2"}],"replies":[{"embeddable":true,"href":"https:\/\/bpfilms.hu\/en\/wp-json\/wp\/v2\/comments?post=561"}],"version-history":[{"count":83,"href":"https:\/\/bpfilms.hu\/en\/wp-json\/wp\/v2\/pages\/561\/revisions"}],"predecessor-version":[{"id":2053,"href":"https:\/\/bpfilms.hu\/en\/wp-json\/wp\/v2\/pages\/561\/revisions\/2053"}],"wp:attachment":[{"href":"https:\/\/bpfilms.hu\/en\/wp-json\/wp\/v2\/media?parent=561"}],"curies":[{"name":"wp","href":"https:\/\/api.w.org\/{rel}","templated":true}]}}