{"id":546,"date":"2015-05-25T23:31:14","date_gmt":"2015-05-25T21:31:14","guid":{"rendered":"http:\/\/bpfilms.hu\/new\/?page_id=546"},"modified":"2026-01-27T20:02:44","modified_gmt":"2026-01-27T19:02:44","slug":"in-preparation","status":"publish","type":"page","link":"https:\/\/bpfilms.hu\/en\/in-preparation\/","title":{"rendered":"In Preparation"},"content":{"rendered":"<h3><strong>THE SECRET OF THE TWIN SWORDS<\/strong><\/h3>\n<p>Script development supported by MTVA Media Mecenatura<\/p>\n<p>The Hungarian television produced so called \u2018youth\u2019 films for years that aimed to entertain children of ages 10-14. At that time, these films fulfilled their purpose very well: they told a story in an entertaining way. These films were adapted from the works of significant Hungarian authors like \u00c1gnes B\u00e1lint, \u00c9va Janikovszky, Istv\u00e1n Csuk\u00e1s, Istv\u00e1n Fekete and S\u00e1ndor T\u00f6r\u00f6k. We would like to revive that tradition with the film plan of The Secret of The Twin Swords while we are aware that the kids of today belong to a different generation.<\/p>\n<p>The child heroes of our film plan are in the search of a pair of lost (thought to be lost) swords while circumstances cause difficulties for them. In this case the sword is not only an element of the past but it does exist in the present as well since the main character trains for swordplay; this way the past and the present are intertwined at the same time.<\/p>\n<p>Swordplay and fencing is still a big favourite for boys; there is no playground battle without it; even at a very early age. When we incorporate swordplay in the film, we aim to engage the most challenged boys in the hope that what they see can give them a certain example and lessons.<\/p>\n<p><strong>Script written by: Gy\u00f6rgy Dragom\u00e1n<\/strong><\/p>\n<h3><a href=\"https:\/\/bpfilms.hu\/wp-content\/uploads\/2026\/01\/Kepernyofoto-2026-01-27-20.00.00-scaled.png\"><img loading=\"lazy\" decoding=\"async\" class=\"alignnone size-full wp-image-2360\" src=\"https:\/\/bpfilms.hu\/wp-content\/uploads\/2026\/01\/Kepernyofoto-2026-01-27-20.00.00-scaled.png\" alt=\"\" width=\"2560\" height=\"1434\" srcset=\"https:\/\/bpfilms.hu\/wp-content\/uploads\/2026\/01\/Kepernyofoto-2026-01-27-20.00.00-scaled.png 2560w, https:\/\/bpfilms.hu\/wp-content\/uploads\/2026\/01\/Kepernyofoto-2026-01-27-20.00.00-300x168.png 300w, https:\/\/bpfilms.hu\/wp-content\/uploads\/2026\/01\/Kepernyofoto-2026-01-27-20.00.00-1024x574.png 1024w, https:\/\/bpfilms.hu\/wp-content\/uploads\/2026\/01\/Kepernyofoto-2026-01-27-20.00.00-768x430.png 768w, https:\/\/bpfilms.hu\/wp-content\/uploads\/2026\/01\/Kepernyofoto-2026-01-27-20.00.00-1536x861.png 1536w, https:\/\/bpfilms.hu\/wp-content\/uploads\/2026\/01\/Kepernyofoto-2026-01-27-20.00.00-2048x1147.png 2048w\" sizes=\"auto, (max-width: 2560px) 100vw, 2560px\" \/><\/a><\/h3>\n<h3><strong>HELKA<\/strong><\/h3>\n<p>Screenplay development and production preparation supported by the Hungarian Film Fund.<\/p>\n<p>The story is based on a literary <em><strong>Andr\u00e1s F\u00e1y: Si\u00f3 &#8211; The Fairy Tales<\/strong><\/em>. (This story rewrote Peter Nyul\u00e1sz: <em>Helka \u2013 The Burok-valley of shadows, and others<\/em>.)<br \/>\nHowever, the planned scenario of the film also aims to create a new world, besides reviving the old legend written in the fairy tale storybook.<br \/>\nThe twisting, fast-paced story poses many challenges to the characters who unfold ancient secrets little by little, solve magical puzzles and rescue lake Balaton.<br \/>\nThe tale is also about the growing up process of tweens and the development of a responsible attitude. The story is not without hilarious humor which sometimes arise from the created situations, while others are rooted in linguistic inventiveness.<\/p>\n<p><strong>Screenwriters: Anett Kormos, \u00c9va Zabezsinszkij, S\u00e1ndor Csortos Szab\u00f3, Ervin Sallai<\/strong><\/p>\n<p><strong>Website:<span style=\"background-color: #ffffff;\"> <a style=\"background-color: #ffffff;\" href=\"http:\/\/helka.film.hu\">helka.film.hu<\/a><\/span><\/strong><\/p>\n<h3><a href=\"https:\/\/bpfilms.hu\/wp-content\/uploads\/2014\/05\/pult_fikson-4.jpg\"><img loading=\"lazy\" decoding=\"async\" class=\"alignnone size-full wp-image-1091\" src=\"https:\/\/bpfilms.hu\/wp-content\/uploads\/2014\/05\/pult_fikson-4.jpg\" alt=\"\" width=\"1417\" height=\"797\" srcset=\"https:\/\/bpfilms.hu\/wp-content\/uploads\/2014\/05\/pult_fikson-4.jpg 1417w, https:\/\/bpfilms.hu\/wp-content\/uploads\/2014\/05\/pult_fikson-4-300x169.jpg 300w, https:\/\/bpfilms.hu\/wp-content\/uploads\/2014\/05\/pult_fikson-4-1024x576.jpg 1024w, https:\/\/bpfilms.hu\/wp-content\/uploads\/2014\/05\/pult_fikson-4-768x432.jpg 768w, https:\/\/bpfilms.hu\/wp-content\/uploads\/2014\/05\/pult_fikson-4-20x11.jpg 20w\" sizes=\"auto, (max-width: 1417px) 100vw, 1417px\" \/><\/a><\/h3>\n<h3><strong>PULT FIKS\u00d6N<\/strong><\/h3>\n<p>(working title)<\/p>\n<p>screenplay development supported by the Hungarian Film Fund.<\/p>\n<p>Is it possible to build a whole Indian community from the ground up within 48 hours, in Hungary for the sake of a few million dollars heritage?<\/p>\n<p>It was a cheerful Wednesday morning when the phone rang. Mr. Rathak passed away and left his few million dollars fortune to his only nephew Adikhavi, a respected lawyer in Hungary, a celebrity of the Indian community, the culture\u2019s appreciated advocate. A true exemplary, number one Indian model in Budapest.\u00a0A guy with a 1-2 million bucks heritage. Not too bad.<\/p>\n<p>There was only one problem. Adikhavi, or as we call him Maugli dropped out of law school 8 years ago. He has been bullshitting his mum in India ever since with stories of his great career: how it ascended to exceptional heights through constant hard work and determination, becoming a hotshot in Budapest.\u00a0In reality, he is a bartender at the gym where we all tend to pump up with the guys.\u00a0But no worries Maugli, if you&#8217;ve got nothing to hide, you&#8217;ve got nothing to fear and we will stand with you! His lads promised to scrape up whatever he needs: a legal practice, an Indian bride, a fancy nook with traditional furnishing and a whole Indian community. Of course, everything comes at a price, as we all know well. And so has started the big jam, you don\u2019t wanna know the end. Wrangles, partying, porn film shooting, court house trial, wedding, whatever you want or as you like it.\u00a0Not to mention the Coelho style cheese stuff, such as friendship, tolerance and so on.<\/p>\n<p><strong><span style=\"line-height: 1.5;\">Screenwriter: Ervin Sallai<\/span><\/strong><\/p>\n","protected":false},"excerpt":{"rendered":"<p>THE SECRET OF THE TWIN SWORDS Script development supported by MTVA Media Mecenatura The Hungarian television produced so called \u2018youth\u2019 films for years that aimed to entertain children of ages 10-14. At that time, these films fulfilled their purpose very well: they told a story in an entertaining way. These films were adapted from the [&hellip;]<\/p>\n","protected":false},"author":2,"featured_media":0,"parent":0,"menu_order":0,"comment_status":"closed","ping_status":"closed","template":"","meta":{"_monsterinsights_skip_tracking":false,"_monsterinsights_sitenote_active":false,"_monsterinsights_sitenote_note":"","_monsterinsights_sitenote_category":0,"footnotes":""},"class_list":["post-546","page","type-page","status-publish","hentry"],"aioseo_notices":[],"_links":{"self":[{"href":"https:\/\/bpfilms.hu\/en\/wp-json\/wp\/v2\/pages\/546","targetHints":{"allow":["GET"]}}],"collection":[{"href":"https:\/\/bpfilms.hu\/en\/wp-json\/wp\/v2\/pages"}],"about":[{"href":"https:\/\/bpfilms.hu\/en\/wp-json\/wp\/v2\/types\/page"}],"author":[{"embeddable":true,"href":"https:\/\/bpfilms.hu\/en\/wp-json\/wp\/v2\/users\/2"}],"replies":[{"embeddable":true,"href":"https:\/\/bpfilms.hu\/en\/wp-json\/wp\/v2\/comments?post=546"}],"version-history":[{"count":26,"href":"https:\/\/bpfilms.hu\/en\/wp-json\/wp\/v2\/pages\/546\/revisions"}],"predecessor-version":[{"id":2363,"href":"https:\/\/bpfilms.hu\/en\/wp-json\/wp\/v2\/pages\/546\/revisions\/2363"}],"wp:attachment":[{"href":"https:\/\/bpfilms.hu\/en\/wp-json\/wp\/v2\/media?parent=546"}],"curies":[{"name":"wp","href":"https:\/\/api.w.org\/{rel}","templated":true}]}}